{"id":3911,"date":"2018-05-16T13:04:01","date_gmt":"2018-05-16T13:04:01","guid":{"rendered":"https:\/\/restaurantsantlluis.com\/accueil\/"},"modified":"2023-05-01T23:28:45","modified_gmt":"2023-05-01T23:28:45","slug":"accueil","status":"publish","type":"page","link":"https:\/\/restaurantsantlluis.com\/fr\/","title":{"rendered":"Accueil"},"content":{"rendered":"\t\t<div data-elementor-type=\"wp-post\" data-elementor-id=\"3911\" class=\"elementor elementor-3911 elementor-588\">\n\t\t\t\t\t\t\t\t\t<section data-particle_enable=\"false\" data-particle-mobile-disabled=\"false\" class=\"elementor-section elementor-top-section elementor-element elementor-element-9364841 elementor-section-content-middle elementor-section-boxed elementor-section-height-default elementor-section-height-default\" data-id=\"9364841\" data-element_type=\"section\" data-settings=\"{&quot;background_background&quot;:&quot;classic&quot;}\">\n\t\t\t\t\t\t<div class=\"elementor-container elementor-column-gap-default\">\n\t\t\t\t\t<div class=\"elementor-column elementor-col-100 elementor-top-column elementor-element elementor-element-249f2a2\" data-id=\"249f2a2\" data-element_type=\"column\">\n\t\t\t<div class=\"elementor-widget-wrap elementor-element-populated\">\n\t\t\t\t\t\t\t\t<div class=\"elementor-element elementor-element-8d218c7 elementor-widget elementor-widget-text-editor\" data-id=\"8d218c7\" data-element_type=\"widget\" data-widget_type=\"text-editor.default\">\n\t\t\t\t<div class=\"elementor-widget-container\">\n\t\t\t<style>\/*! elementor - v3.9.1 - 14-12-2022 *\/\n.elementor-widget-text-editor.elementor-drop-cap-view-stacked .elementor-drop-cap{background-color:#818a91;color:#fff}.elementor-widget-text-editor.elementor-drop-cap-view-framed .elementor-drop-cap{color:#818a91;border:3px solid;background-color:transparent}.elementor-widget-text-editor:not(.elementor-drop-cap-view-default) .elementor-drop-cap{margin-top:8px}.elementor-widget-text-editor:not(.elementor-drop-cap-view-default) .elementor-drop-cap-letter{width:1em;height:1em}.elementor-widget-text-editor .elementor-drop-cap{float:left;text-align:center;line-height:1;font-size:50px}.elementor-widget-text-editor .elementor-drop-cap-letter{display:inline-block}<\/style>\t\t\t\t<p><em><span style=\"font-size: 20pt;\">Le restaurant Sant Lluis fait partie de l&rsquo;offre gastronomique de Playa de Aro depuis pr\u00e8s de 30 ans.  <\/span><br \/><\/em><\/p>\n<p><span style=\"font-size: 16pt;\"><em>D\u00e9couvrez une cuisine m\u00e9diterran\u00e9enne traditionnelle et innovante, bas\u00e9e sur des produits locaux et de saison, qui a su pr\u00e9server l&rsquo;essence d&rsquo;un restaurant familial.<\/em><\/span><\/p>\n\t\t\t\t\t\t<\/div>\n\t\t\t\t<\/div>\n\t\t\t\t\t<\/div>\n\t\t<\/div>\n\t\t\t\t\t\t\t<\/div>\n\t\t<\/section>\n\t\t\t\t<section data-particle_enable=\"false\" data-particle-mobile-disabled=\"false\" class=\"elementor-section elementor-top-section elementor-element elementor-element-111515d elementor-section-content-middle elementor-section-boxed elementor-section-height-default elementor-section-height-default\" data-id=\"111515d\" data-element_type=\"section\">\n\t\t\t\t\t\t<div class=\"elementor-container elementor-column-gap-default\">\n\t\t\t\t\t<div class=\"elementor-column elementor-col-50 elementor-top-column elementor-element elementor-element-17ae4f9\" data-id=\"17ae4f9\" data-element_type=\"column\" data-settings=\"{&quot;background_background&quot;:&quot;classic&quot;}\">\n\t\t\t<div class=\"elementor-widget-wrap elementor-element-populated\">\n\t\t\t\t\t\t\t\t<div class=\"elementor-element elementor-element-9547dae elementor-widget elementor-widget-text-editor\" data-id=\"9547dae\" data-element_type=\"widget\" data-widget_type=\"text-editor.default\">\n\t\t\t\t<div class=\"elementor-widget-container\">\n\t\t\t\t\t\t\t<div class=\"smalltitle margin-b16\">Notre cuisine<\/div><h2 class=\"home-title\">Tradition et modernit\u00e9<\/h2><p>Sant Llu\u00eds est un lieu o\u00f9 l&rsquo;on peut d\u00e9guster les plats les plus traditionnels avec une touche d&rsquo;innovation, fruit du travail de la deuxi\u00e8me g\u00e9n\u00e9ration de la famille.<\/p><p><a class=\"view-more margin-t24\" href=\"https:\/\/restaurantsantlluis.com\/fr\/cuisine\/\">Voir plus d&rsquo;informations<\/a><\/p>\t\t\t\t\t\t<\/div>\n\t\t\t\t<\/div>\n\t\t\t\t\t<\/div>\n\t\t<\/div>\n\t\t\t\t<div class=\"elementor-column elementor-col-50 elementor-top-column elementor-element elementor-element-2892556\" data-id=\"2892556\" data-element_type=\"column\">\n\t\t\t<div class=\"elementor-widget-wrap elementor-element-populated\">\n\t\t\t\t\t\t\t\t<div class=\"elementor-element elementor-element-ae1e29a elementor-widget elementor-widget-image\" data-id=\"ae1e29a\" data-element_type=\"widget\" data-widget_type=\"image.default\">\n\t\t\t\t<div class=\"elementor-widget-container\">\n\t\t\t<style>\/*! elementor - v3.9.1 - 14-12-2022 *\/\n.elementor-widget-image{text-align:center}.elementor-widget-image a{display:inline-block}.elementor-widget-image a img[src$=\".svg\"]{width:48px}.elementor-widget-image img{vertical-align:middle;display:inline-block}<\/style>\t\t\t\t\t\t\t\t\t\t\t\t<img decoding=\"async\" src=\"https:\/\/restaurantsantlluis.com\/wp-content\/uploads\/elementor\/thumbs\/santlluis_28-pzew6uaw1wsxgo67exqzsslah296ic69wvo2dl27bc.jpg\" title=\"santlluis_28\" alt=\"santlluis_28\" \/>\t\t\t\t\t\t\t\t\t\t\t\t\t\t\t<\/div>\n\t\t\t\t<\/div>\n\t\t\t\t\t<\/div>\n\t\t<\/div>\n\t\t\t\t\t\t\t<\/div>\n\t\t<\/section>\n\t\t\t\t<section data-particle_enable=\"false\" data-particle-mobile-disabled=\"false\" class=\"elementor-section elementor-top-section elementor-element elementor-element-3e1996f elementor-section-content-middle elementor-section-boxed elementor-section-height-default elementor-section-height-default\" data-id=\"3e1996f\" data-element_type=\"section\">\n\t\t\t\t\t\t<div class=\"elementor-container elementor-column-gap-default\">\n\t\t\t\t\t<div class=\"elementor-column elementor-col-50 elementor-top-column elementor-element elementor-element-303abeb\" data-id=\"303abeb\" data-element_type=\"column\">\n\t\t\t<div class=\"elementor-widget-wrap elementor-element-populated\">\n\t\t\t\t\t\t\t\t<div class=\"elementor-element elementor-element-0cbdd9b elementor-widget elementor-widget-image\" data-id=\"0cbdd9b\" data-element_type=\"widget\" data-widget_type=\"image.default\">\n\t\t\t\t<div class=\"elementor-widget-container\">\n\t\t\t\t\t\t\t\t\t\t\t\t\t\t\t<img decoding=\"async\" src=\"https:\/\/restaurantsantlluis.com\/wp-content\/uploads\/elementor\/thumbs\/santlluis_46-pzew5m4h4p4gazydkwnj1lqmjyaxgkaw2t08tkvpfs.jpg\" title=\"santlluis_46\" alt=\"santlluis_46\" \/>\t\t\t\t\t\t\t\t\t\t\t\t\t\t\t<\/div>\n\t\t\t\t<\/div>\n\t\t\t\t\t<\/div>\n\t\t<\/div>\n\t\t\t\t<div class=\"elementor-column elementor-col-50 elementor-top-column elementor-element elementor-element-1e41da8\" data-id=\"1e41da8\" data-element_type=\"column\" data-settings=\"{&quot;background_background&quot;:&quot;classic&quot;}\">\n\t\t\t<div class=\"elementor-widget-wrap elementor-element-populated\">\n\t\t\t\t\t\t\t\t<div class=\"elementor-element elementor-element-b4da141 elementor-widget elementor-widget-text-editor\" data-id=\"b4da141\" data-element_type=\"widget\" data-widget_type=\"text-editor.default\">\n\t\t\t\t<div class=\"elementor-widget-container\">\n\t\t\t\t\t\t\t<div class=\"smalltitle margin-b16\">Depuis 1995<\/div><h2 class=\"home-title\">Notre histoire<\/h2><p>Sant Llu\u00eds est un restaurant familial qui se transmet de g\u00e9n\u00e9ration en g\u00e9n\u00e9ration et qui sert une cuisine maison.<\/p><p><a class=\"view-more margin-t24\" href=\"https:\/\/restaurantsantlluis.com\/fr\/histoire\/\">Voir plus d&rsquo;informations<\/a><\/p>\t\t\t\t\t\t<\/div>\n\t\t\t\t<\/div>\n\t\t\t\t\t<\/div>\n\t\t<\/div>\n\t\t\t\t\t\t\t<\/div>\n\t\t<\/section>\n\t\t\t\t<section data-particle_enable=\"false\" data-particle-mobile-disabled=\"false\" class=\"elementor-section elementor-top-section elementor-element elementor-element-7276dbd elementor-section-content-middle elementor-section-boxed elementor-section-height-default elementor-section-height-default\" data-id=\"7276dbd\" data-element_type=\"section\">\n\t\t\t\t\t\t<div class=\"elementor-container elementor-column-gap-default\">\n\t\t\t\t\t<div class=\"elementor-column elementor-col-50 elementor-top-column elementor-element elementor-element-9972334\" data-id=\"9972334\" data-element_type=\"column\" data-settings=\"{&quot;background_background&quot;:&quot;classic&quot;}\">\n\t\t\t<div class=\"elementor-widget-wrap elementor-element-populated\">\n\t\t\t\t\t\t\t\t<div class=\"elementor-element elementor-element-b38b309 elementor-widget elementor-widget-text-editor\" data-id=\"b38b309\" data-element_type=\"widget\" data-widget_type=\"text-editor.default\">\n\t\t\t\t<div class=\"elementor-widget-container\">\n\t\t\t\t\t\t\t<div class=\"smalltitle margin-b16\">Nos espaces<\/div><h2 class=\"home-title\">D\u00e9couvrez nos 3 espaces<\/h2><p>D\u00e9couvrez nos chambres et tous les coins o\u00f9 vous pourrez profiter de notre cuisine, nous disposons \u00e9galement d&rsquo;une magnifique terrasse!<\/p><p><a class=\"view-more margin-t24\" href=\"https:\/\/restaurantsantlluis.com\/fr\/espaces\/\">Voir plus d&rsquo;informations<\/a><\/p>\t\t\t\t\t\t<\/div>\n\t\t\t\t<\/div>\n\t\t\t\t\t<\/div>\n\t\t<\/div>\n\t\t\t\t<div class=\"elementor-column elementor-col-50 elementor-top-column elementor-element elementor-element-b7d3ab4\" data-id=\"b7d3ab4\" data-element_type=\"column\">\n\t\t\t<div class=\"elementor-widget-wrap elementor-element-populated\">\n\t\t\t\t\t\t\t\t<div class=\"elementor-element elementor-element-6ff3ed2 elementor-widget elementor-widget-image\" data-id=\"6ff3ed2\" data-element_type=\"widget\" data-widget_type=\"image.default\">\n\t\t\t\t<div class=\"elementor-widget-container\">\n\t\t\t\t\t\t\t\t\t\t\t\t\t\t\t<img decoding=\"async\" src=\"https:\/\/restaurantsantlluis.com\/wp-content\/uploads\/elementor\/thumbs\/santlluis_15-pzeu0tp4sy05tthuz7pquhbzhqsfmqgb6qd8esqjrc.jpg\" title=\"santlluis_15\" alt=\"santlluis_15\" \/>\t\t\t\t\t\t\t\t\t\t\t\t\t\t\t<\/div>\n\t\t\t\t<\/div>\n\t\t\t\t\t<\/div>\n\t\t<\/div>\n\t\t\t\t\t\t\t<\/div>\n\t\t<\/section>\n\t\t\t\t<section data-particle_enable=\"false\" data-particle-mobile-disabled=\"false\" class=\"elementor-section elementor-top-section elementor-element elementor-element-9e159bb elementor-section-content-middle elementor-section-boxed elementor-section-height-default elementor-section-height-default\" data-id=\"9e159bb\" data-element_type=\"section\" data-settings=\"{&quot;background_background&quot;:&quot;classic&quot;}\">\n\t\t\t\t\t\t<div class=\"elementor-container elementor-column-gap-default\">\n\t\t\t\t\t<div class=\"elementor-column elementor-col-50 elementor-top-column elementor-element elementor-element-da57315 order2\" data-id=\"da57315\" data-element_type=\"column\" data-settings=\"{&quot;background_background&quot;:&quot;classic&quot;}\">\n\t\t\t<div class=\"elementor-widget-wrap elementor-element-populated\">\n\t\t\t\t\t\t\t\t<div class=\"elementor-element elementor-element-500296b elementor-widget elementor-widget-text-editor\" data-id=\"500296b\" data-element_type=\"widget\" data-widget_type=\"text-editor.default\">\n\t\t\t\t<div class=\"elementor-widget-container\">\n\t\t\t\t\t\t\t<div class=\"smalltitle margin-b16\">PAS D&rsquo;ACHAT MINIMUM<\/div>\n<h2 class=\"home-title\"><span style=\"color: #ffffff;\">Plats \u00e0 emporter<\/span><\/h2>\n<p><span style=\"color: #ffffff;\">Pour que vous puissiez \u00e9galement savourer notre cuisine \u00e0 la maison, nous proposons des plats \u00e0 emporter que vous pouvez venir chercher au restaurant.<\/span><\/p>\n<p><span style=\"color: #ffffff;\"><em>Appelez-nous et r\u00e9servez ce que vous voulez de notre menu (y compris les plats de riz), sans minimum d&rsquo;achat.<\/em><\/span><\/p>\n<p><span style=\"font-size: 18pt; color: #ffffff;\"><strong>972 82 59 88<\/strong><\/span><\/p>\n\t\t\t\t\t\t<\/div>\n\t\t\t\t<\/div>\n\t\t\t\t\t<\/div>\n\t\t<\/div>\n\t\t\t\t<div class=\"elementor-column elementor-col-50 elementor-top-column elementor-element elementor-element-6b2850f order1\" data-id=\"6b2850f\" data-element_type=\"column\" data-settings=\"{&quot;background_background&quot;:&quot;classic&quot;}\">\n\t\t\t<div class=\"elementor-widget-wrap elementor-element-populated\">\n\t\t\t\t\t\t\t\t<section data-particle_enable=\"false\" data-particle-mobile-disabled=\"false\" class=\"elementor-section elementor-inner-section elementor-element elementor-element-86e0b24 elementor-section-boxed elementor-section-height-default elementor-section-height-default\" data-id=\"86e0b24\" data-element_type=\"section\">\n\t\t\t\t\t\t<div class=\"elementor-container elementor-column-gap-default\">\n\t\t\t\t\t<div class=\"elementor-column elementor-col-50 elementor-inner-column elementor-element elementor-element-9aa41ca\" data-id=\"9aa41ca\" data-element_type=\"column\">\n\t\t\t<div class=\"elementor-widget-wrap elementor-element-populated\">\n\t\t\t\t\t\t\t\t<div class=\"elementor-element elementor-element-380e6cb elementor-widget elementor-widget-image\" data-id=\"380e6cb\" data-element_type=\"widget\" data-widget_type=\"image.default\">\n\t\t\t\t<div class=\"elementor-widget-container\">\n\t\t\t\t\t\t\t\t\t\t\t\t\t\t\t<img decoding=\"async\" width=\"1520\" height=\"1900\" src=\"https:\/\/restaurantsantlluis.com\/wp-content\/uploads\/santlluis_48.jpg\" class=\"attachment-full size-full wp-image-3028\" alt=\"\" loading=\"lazy\" srcset=\"https:\/\/restaurantsantlluis.com\/wp-content\/uploads\/santlluis_48.jpg 1520w, https:\/\/restaurantsantlluis.com\/wp-content\/uploads\/santlluis_48-240x300.jpg 240w, https:\/\/restaurantsantlluis.com\/wp-content\/uploads\/santlluis_48-819x1024.jpg 819w, https:\/\/restaurantsantlluis.com\/wp-content\/uploads\/santlluis_48-768x960.jpg 768w, https:\/\/restaurantsantlluis.com\/wp-content\/uploads\/santlluis_48-1229x1536.jpg 1229w\" sizes=\"(max-width: 1520px) 100vw, 1520px\" \/>\t\t\t\t\t\t\t\t\t\t\t\t\t\t\t<\/div>\n\t\t\t\t<\/div>\n\t\t\t\t\t<\/div>\n\t\t<\/div>\n\t\t\t\t<div class=\"elementor-column elementor-col-50 elementor-inner-column elementor-element elementor-element-b4fa0f2\" data-id=\"b4fa0f2\" data-element_type=\"column\">\n\t\t\t<div class=\"elementor-widget-wrap elementor-element-populated\">\n\t\t\t\t\t\t\t\t<div class=\"elementor-element elementor-element-9cd12ce elementor-widget elementor-widget-image\" data-id=\"9cd12ce\" data-element_type=\"widget\" data-widget_type=\"image.default\">\n\t\t\t\t<div class=\"elementor-widget-container\">\n\t\t\t\t\t\t\t\t\t\t\t\t\t\t\t<img decoding=\"async\" width=\"1520\" height=\"1900\" src=\"https:\/\/restaurantsantlluis.com\/wp-content\/uploads\/santlluis_69.jpg\" class=\"attachment-full size-full wp-image-3049\" alt=\"\" loading=\"lazy\" srcset=\"https:\/\/restaurantsantlluis.com\/wp-content\/uploads\/santlluis_69.jpg 1520w, https:\/\/restaurantsantlluis.com\/wp-content\/uploads\/santlluis_69-240x300.jpg 240w, https:\/\/restaurantsantlluis.com\/wp-content\/uploads\/santlluis_69-819x1024.jpg 819w, https:\/\/restaurantsantlluis.com\/wp-content\/uploads\/santlluis_69-768x960.jpg 768w, https:\/\/restaurantsantlluis.com\/wp-content\/uploads\/santlluis_69-1229x1536.jpg 1229w\" sizes=\"(max-width: 1520px) 100vw, 1520px\" \/>\t\t\t\t\t\t\t\t\t\t\t\t\t\t\t<\/div>\n\t\t\t\t<\/div>\n\t\t\t\t\t<\/div>\n\t\t<\/div>\n\t\t\t\t\t\t\t<\/div>\n\t\t<\/section>\n\t\t\t\t\t<\/div>\n\t\t<\/div>\n\t\t\t\t\t\t\t<\/div>\n\t\t<\/section>\n\t\t\t\t<section data-particle_enable=\"false\" data-particle-mobile-disabled=\"false\" class=\"elementor-section elementor-top-section elementor-element elementor-element-4bbef73 elementor-section-stretched elementor-section-content-middle elementor-section-boxed elementor-section-height-default elementor-section-height-default\" data-id=\"4bbef73\" data-element_type=\"section\" data-settings=\"{&quot;stretch_section&quot;:&quot;section-stretched&quot;}\">\n\t\t\t\t\t\t<div class=\"elementor-container elementor-column-gap-no\">\n\t\t\t\t\t<div class=\"elementor-column elementor-col-50 elementor-top-column elementor-element elementor-element-0060e14\" data-id=\"0060e14\" data-element_type=\"column\" data-settings=\"{&quot;background_background&quot;:&quot;classic&quot;}\">\n\t\t\t<div class=\"elementor-widget-wrap elementor-element-populated\">\n\t\t\t\t\t\t\t\t<div class=\"elementor-element elementor-element-fe7b03f elementor-widget elementor-widget-menu-anchor\" data-id=\"fe7b03f\" data-element_type=\"widget\" data-widget_type=\"menu-anchor.default\">\n\t\t\t\t<div class=\"elementor-widget-container\">\n\t\t\t<style>\/*! elementor - v3.9.1 - 14-12-2022 *\/\nbody.elementor-page .elementor-widget-menu-anchor{margin-bottom:0}<\/style>\t\t<div id=\"reservations\" class=\"elementor-menu-anchor\"><\/div>\n\t\t\t\t<\/div>\n\t\t\t\t<\/div>\n\t\t\t\t<div class=\"elementor-element elementor-element-5b76c5c elementor-widget elementor-widget-text-editor\" data-id=\"5b76c5c\" data-element_type=\"widget\" data-widget_type=\"text-editor.default\">\n\t\t\t\t<div class=\"elementor-widget-container\">\n\t\t\t\t\t\t\t<div class=\"smalltitle margin-b16\">R\u00e9servations<\/div>\n<p><span style=\"color: #000000;\"><strong><span style=\"font-size: 18pt;\">972 82 59 88<\/span><\/strong><\/span><\/p>\n<p><span style=\"color: #000000;\">R\u00e9servations recommand\u00e9es le week-end<\/span><\/p>\n<div class=\"smalltitle margin-b16\">Horaires<\/div>\n<p><span style=\"color: #000000;\">Lundi (de 12:45 \u00e0 16:00 et de 19:00 \u00e0 24:00)<\/span><br \/><span style=\"color: #000000;\">Mardi (ferm\u00e9)<\/span><br \/><span style=\"color: #000000;\">Mercredi (ferm\u00e9)<\/span><br \/><span style=\"color: #000000;\">Jeudi (de 12:45 \u00e0 16:00 et de 19:00 \u00e0 24:00)<\/span><br \/><span style=\"color: #000000;\">Vendredi (de 12:45 \u00e0 16:00 et de 19:00 \u00e0 24:00)<\/span><br \/><span style=\"color: #000000;\">Samedi (cuisine ininterrompue)<\/span><br \/><span style=\"color: #000000;\">Dimanche (cuisine ininterrompue)<\/span><\/p>\n<p><span style=\"color: #000000;\">Novembre (ferm\u00e9 pour les vacances)<\/span><\/p>\n\t\t\t\t\t\t<\/div>\n\t\t\t\t<\/div>\n\t\t\t\t\t<\/div>\n\t\t<\/div>\n\t\t\t\t<div class=\"elementor-column elementor-col-50 elementor-top-column elementor-element elementor-element-102b2c2\" data-id=\"102b2c2\" data-element_type=\"column\" data-settings=\"{&quot;background_background&quot;:&quot;classic&quot;}\">\n\t\t\t<div class=\"elementor-widget-wrap elementor-element-populated\">\n\t\t\t\t\t\t\t\t<div class=\"elementor-element elementor-element-0bf4868 elementor-widget elementor-widget-google_maps\" data-id=\"0bf4868\" data-element_type=\"widget\" data-widget_type=\"google_maps.default\">\n\t\t\t\t<div class=\"elementor-widget-container\">\n\t\t\t<style>\/*! elementor - v3.9.1 - 14-12-2022 *\/\n.elementor-widget-google_maps .elementor-widget-container{overflow:hidden}.elementor-widget-google_maps iframe{height:300px}<\/style>\t\t<div class=\"elementor-custom-embed\">\n\t\t\t<iframe frameborder=\"0\" scrolling=\"no\" marginheight=\"0\" marginwidth=\"0\"\n\t\t\t\t\tsrc=\"https:\/\/maps.google.com\/maps?q=restaurants%20sant%20lluis%20platja%20d%27aro&#038;t=m&#038;z=16&#038;output=embed&#038;iwloc=near\"\n\t\t\t\t\ttitle=\"restaurants sant lluis platja d&#039;aro\"\n\t\t\t\t\taria-label=\"restaurants sant lluis platja d&#039;aro\"\n\t\t\t><\/iframe>\n\t\t<\/div>\n\t\t\t\t<\/div>\n\t\t\t\t<\/div>\n\t\t\t\t\t<\/div>\n\t\t<\/div>\n\t\t\t\t\t\t\t<\/div>\n\t\t<\/section>\n\t\t\t\t\t\t\t<\/div>\n\t\t","protected":false},"excerpt":{"rendered":"<p>Le restaurant Sant Lluis fait partie de l&rsquo;offre gastronomique de Playa de Aro depuis pr\u00e8s de 30 ans. D\u00e9couvrez une cuisine m\u00e9diterran\u00e9enne traditionnelle et innovante, bas\u00e9e sur des produits locaux et de saison, qui a su pr\u00e9server l&rsquo;essence d&rsquo;un restaurant familial. Notre cuisine Tradition et modernit\u00e9 Sant Llu\u00eds est un lieu o\u00f9 l&rsquo;on peut d\u00e9guster les plats les plus traditionnels&#8230;<\/p>\n","protected":false},"author":1,"featured_media":0,"parent":0,"menu_order":0,"comment_status":"closed","ping_status":"closed","template":"my-templates\/template-home.php","meta":[],"acf":[],"yoast_head":"<!-- This site is optimized with the Yoast SEO Premium plugin v20.5 (Yoast SEO v20.5) - https:\/\/yoast.com\/wordpress\/plugins\/seo\/ -->\n<title>Restaurant Sant Lluis Platja d&#039;Aro<\/title>\n<meta name=\"robots\" content=\"index, follow, max-snippet:-1, max-image-preview:large, max-video-preview:-1\" \/>\n<link rel=\"canonical\" href=\"https:\/\/restaurantsantlluis.com\/en\/\" \/>\n<meta property=\"og:locale\" content=\"fr_FR\" \/>\n<meta property=\"og:type\" content=\"article\" \/>\n<meta property=\"og:title\" content=\"Accueil\" \/>\n<meta property=\"og:description\" content=\"Le restaurant Sant Lluis fait partie de l&rsquo;offre gastronomique de Playa de Aro depuis pr\u00e8s de 30 ans. D\u00e9couvrez une cuisine m\u00e9diterran\u00e9enne traditionnelle et innovante, bas\u00e9e sur des produits locaux et de saison, qui a su pr\u00e9server l&rsquo;essence d&rsquo;un restaurant familial. Notre cuisine Tradition et modernit\u00e9 Sant Llu\u00eds est un lieu o\u00f9 l&rsquo;on peut d\u00e9guster les plats les plus traditionnels...\" \/>\n<meta property=\"og:url\" content=\"https:\/\/restaurantsantlluis.com\/en\/\" \/>\n<meta property=\"article:publisher\" content=\"https:\/\/www.facebook.com\/profile.php?id=100063885166782\" \/>\n<meta property=\"article:modified_time\" content=\"2023-05-01T23:28:45+00:00\" \/>\n<meta property=\"og:image\" content=\"https:\/\/restaurantsantlluis.com\/wp-content\/uploads\/elementor\/thumbs\/santlluis_28-pzew6uaw1wsxgo67exqzsslah296ic69wvo2dl27bc.jpg\" \/>\n<meta name=\"twitter:card\" content=\"summary_large_image\" \/>\n<meta name=\"twitter:label1\" content=\"Dur\u00e9e de lecture estim\u00e9e\" \/>\n\t<meta name=\"twitter:data1\" content=\"3 minutes\" \/>\n<script type=\"application\/ld+json\" class=\"yoast-schema-graph\">{\"@context\":\"https:\/\/schema.org\",\"@graph\":[{\"@type\":\"WebPage\",\"@id\":\"https:\/\/restaurantsantlluis.com\/en\/\",\"url\":\"https:\/\/restaurantsantlluis.com\/en\/\",\"name\":\"Restaurant Sant Lluis Platja d'Aro\",\"isPartOf\":{\"@id\":\"https:\/\/restaurantsantlluis.com\/#website\"},\"datePublished\":\"2018-05-16T13:04:01+00:00\",\"dateModified\":\"2023-05-01T23:28:45+00:00\",\"breadcrumb\":{\"@id\":\"https:\/\/restaurantsantlluis.com\/en\/#breadcrumb\"},\"inLanguage\":\"fr-FR\",\"potentialAction\":[{\"@type\":\"ReadAction\",\"target\":[\"https:\/\/restaurantsantlluis.com\/en\/\"]}]},{\"@type\":\"BreadcrumbList\",\"@id\":\"https:\/\/restaurantsantlluis.com\/en\/#breadcrumb\",\"itemListElement\":[{\"@type\":\"ListItem\",\"position\":1,\"name\":\"Home\",\"item\":\"https:\/\/restaurantsantlluis.com\/en\/\"},{\"@type\":\"ListItem\",\"position\":2,\"name\":\"Accueil\"}]},{\"@type\":\"WebSite\",\"@id\":\"https:\/\/restaurantsantlluis.com\/#website\",\"url\":\"https:\/\/restaurantsantlluis.com\/\",\"name\":\"Restaurant Sant Lluis\",\"description\":\"\",\"potentialAction\":[{\"@type\":\"SearchAction\",\"target\":{\"@type\":\"EntryPoint\",\"urlTemplate\":\"https:\/\/restaurantsantlluis.com\/?s={search_term_string}\"},\"query-input\":\"required name=search_term_string\"}],\"inLanguage\":\"fr-FR\"}]}<\/script>\n<!-- \/ Yoast SEO Premium plugin. -->","yoast_head_json":{"title":"Restaurant Sant Lluis Platja d'Aro","robots":{"index":"index","follow":"follow","max-snippet":"max-snippet:-1","max-image-preview":"max-image-preview:large","max-video-preview":"max-video-preview:-1"},"canonical":"https:\/\/restaurantsantlluis.com\/en\/","og_locale":"fr_FR","og_type":"article","og_title":"Accueil","og_description":"Le restaurant Sant Lluis fait partie de l&rsquo;offre gastronomique de Playa de Aro depuis pr\u00e8s de 30 ans. D\u00e9couvrez une cuisine m\u00e9diterran\u00e9enne traditionnelle et innovante, bas\u00e9e sur des produits locaux et de saison, qui a su pr\u00e9server l&rsquo;essence d&rsquo;un restaurant familial. Notre cuisine Tradition et modernit\u00e9 Sant Llu\u00eds est un lieu o\u00f9 l&rsquo;on peut d\u00e9guster les plats les plus traditionnels...","og_url":"https:\/\/restaurantsantlluis.com\/en\/","article_publisher":"https:\/\/www.facebook.com\/profile.php?id=100063885166782","article_modified_time":"2023-05-01T23:28:45+00:00","og_image":[{"url":"https:\/\/restaurantsantlluis.com\/wp-content\/uploads\/elementor\/thumbs\/santlluis_28-pzew6uaw1wsxgo67exqzsslah296ic69wvo2dl27bc.jpg"}],"twitter_card":"summary_large_image","twitter_misc":{"Dur\u00e9e de lecture estim\u00e9e":"3 minutes"},"schema":{"@context":"https:\/\/schema.org","@graph":[{"@type":"WebPage","@id":"https:\/\/restaurantsantlluis.com\/en\/","url":"https:\/\/restaurantsantlluis.com\/en\/","name":"Restaurant Sant Lluis Platja d'Aro","isPartOf":{"@id":"https:\/\/restaurantsantlluis.com\/#website"},"datePublished":"2018-05-16T13:04:01+00:00","dateModified":"2023-05-01T23:28:45+00:00","breadcrumb":{"@id":"https:\/\/restaurantsantlluis.com\/en\/#breadcrumb"},"inLanguage":"fr-FR","potentialAction":[{"@type":"ReadAction","target":["https:\/\/restaurantsantlluis.com\/en\/"]}]},{"@type":"BreadcrumbList","@id":"https:\/\/restaurantsantlluis.com\/en\/#breadcrumb","itemListElement":[{"@type":"ListItem","position":1,"name":"Home","item":"https:\/\/restaurantsantlluis.com\/en\/"},{"@type":"ListItem","position":2,"name":"Accueil"}]},{"@type":"WebSite","@id":"https:\/\/restaurantsantlluis.com\/#website","url":"https:\/\/restaurantsantlluis.com\/","name":"Restaurant Sant Lluis","description":"","potentialAction":[{"@type":"SearchAction","target":{"@type":"EntryPoint","urlTemplate":"https:\/\/restaurantsantlluis.com\/?s={search_term_string}"},"query-input":"required name=search_term_string"}],"inLanguage":"fr-FR"}]}},"_links":{"self":[{"href":"https:\/\/restaurantsantlluis.com\/fr\/wp-json\/wp\/v2\/pages\/3911"}],"collection":[{"href":"https:\/\/restaurantsantlluis.com\/fr\/wp-json\/wp\/v2\/pages"}],"about":[{"href":"https:\/\/restaurantsantlluis.com\/fr\/wp-json\/wp\/v2\/types\/page"}],"author":[{"embeddable":true,"href":"https:\/\/restaurantsantlluis.com\/fr\/wp-json\/wp\/v2\/users\/1"}],"replies":[{"embeddable":true,"href":"https:\/\/restaurantsantlluis.com\/fr\/wp-json\/wp\/v2\/comments?post=3911"}],"version-history":[{"count":6,"href":"https:\/\/restaurantsantlluis.com\/fr\/wp-json\/wp\/v2\/pages\/3911\/revisions"}],"predecessor-version":[{"id":4011,"href":"https:\/\/restaurantsantlluis.com\/fr\/wp-json\/wp\/v2\/pages\/3911\/revisions\/4011"}],"wp:attachment":[{"href":"https:\/\/restaurantsantlluis.com\/fr\/wp-json\/wp\/v2\/media?parent=3911"}],"curies":[{"name":"wp","href":"https:\/\/api.w.org\/{rel}","templated":true}]}}