{"id":3897,"date":"2018-05-16T13:04:01","date_gmt":"2018-05-16T13:04:01","guid":{"rendered":"https:\/\/restaurantsantlluis.com\/home\/"},"modified":"2023-04-24T17:59:56","modified_gmt":"2023-04-24T17:59:56","slug":"home","status":"publish","type":"page","link":"https:\/\/restaurantsantlluis.com\/ca\/","title":{"rendered":"Home"},"content":{"rendered":"\t\t<div data-elementor-type=\"wp-post\" data-elementor-id=\"3897\" class=\"elementor elementor-3897 elementor-588\">\n\t\t\t\t\t\t\t\t\t<section data-particle_enable=\"false\" data-particle-mobile-disabled=\"false\" class=\"elementor-section elementor-top-section elementor-element elementor-element-9364841 elementor-section-content-middle elementor-section-boxed elementor-section-height-default elementor-section-height-default\" data-id=\"9364841\" data-element_type=\"section\" data-settings=\"{&quot;background_background&quot;:&quot;classic&quot;}\">\n\t\t\t\t\t\t<div class=\"elementor-container elementor-column-gap-default\">\n\t\t\t\t\t<div class=\"elementor-column elementor-col-100 elementor-top-column elementor-element elementor-element-249f2a2\" data-id=\"249f2a2\" data-element_type=\"column\">\n\t\t\t<div class=\"elementor-widget-wrap elementor-element-populated\">\n\t\t\t\t\t\t\t\t<div class=\"elementor-element elementor-element-8d218c7 elementor-widget elementor-widget-text-editor\" data-id=\"8d218c7\" data-element_type=\"widget\" data-widget_type=\"text-editor.default\">\n\t\t\t\t<div class=\"elementor-widget-container\">\n\t\t\t<style>\/*! elementor - v3.9.1 - 14-12-2022 *\/\n.elementor-widget-text-editor.elementor-drop-cap-view-stacked .elementor-drop-cap{background-color:#818a91;color:#fff}.elementor-widget-text-editor.elementor-drop-cap-view-framed .elementor-drop-cap{color:#818a91;border:3px solid;background-color:transparent}.elementor-widget-text-editor:not(.elementor-drop-cap-view-default) .elementor-drop-cap{margin-top:8px}.elementor-widget-text-editor:not(.elementor-drop-cap-view-default) .elementor-drop-cap-letter{width:1em;height:1em}.elementor-widget-text-editor .elementor-drop-cap{float:left;text-align:center;line-height:1;font-size:50px}.elementor-widget-text-editor .elementor-drop-cap-letter{display:inline-block}<\/style>\t\t\t\t<p><em><span style=\"font-size: 20pt;\">Al restaurant Sant Lluis fa gaireb\u00e9 30 anys que formem part de l&#8217;oferta gastron\u00f2mica de Platja d&#8217;Aro. <\/span><br \/><\/em><\/p>\n<p><span style=\"font-size: 16pt;\"><em>Descobriu una cuina mediterr\u00e0nia tradicional i innovadora, basada en productes de temporada i de proximitat, que ha mantingut viva l&#8217;ess\u00e8ncia d&#8217;un restaurant familiar.<\/em><\/span><\/p>\n\t\t\t\t\t\t<\/div>\n\t\t\t\t<\/div>\n\t\t\t\t\t<\/div>\n\t\t<\/div>\n\t\t\t\t\t\t\t<\/div>\n\t\t<\/section>\n\t\t\t\t<section data-particle_enable=\"false\" data-particle-mobile-disabled=\"false\" class=\"elementor-section elementor-top-section elementor-element elementor-element-111515d elementor-section-content-middle elementor-section-boxed elementor-section-height-default elementor-section-height-default\" data-id=\"111515d\" data-element_type=\"section\">\n\t\t\t\t\t\t<div class=\"elementor-container elementor-column-gap-default\">\n\t\t\t\t\t<div class=\"elementor-column elementor-col-50 elementor-top-column elementor-element elementor-element-17ae4f9\" data-id=\"17ae4f9\" data-element_type=\"column\" data-settings=\"{&quot;background_background&quot;:&quot;classic&quot;}\">\n\t\t\t<div class=\"elementor-widget-wrap elementor-element-populated\">\n\t\t\t\t\t\t\t\t<div class=\"elementor-element elementor-element-9547dae elementor-widget elementor-widget-text-editor\" data-id=\"9547dae\" data-element_type=\"widget\" data-widget_type=\"text-editor.default\">\n\t\t\t\t<div class=\"elementor-widget-container\">\n\t\t\t\t\t\t\t<div class=\"smalltitle margin-b16\">La nostra Cuina<\/div>\n<h2 class=\"home-title\">Tradici\u00f3 i modernitat<\/h2>\n<p>Sant Llu\u00eds \u00e9s un espai per gaudir dels plats m\u00e9s tradicionals amb un toc innovador, fruit de la segona generaci\u00f3 familiar.<\/p>\n<p><a class=\"view-more margin-t24\" href=\"https:\/\/restaurantsantlluis.com\/ca\/cuina\/\">Veure m\u00e9s<\/a><\/p>\n\t\t\t\t\t\t<\/div>\n\t\t\t\t<\/div>\n\t\t\t\t\t<\/div>\n\t\t<\/div>\n\t\t\t\t<div class=\"elementor-column elementor-col-50 elementor-top-column elementor-element elementor-element-2892556\" data-id=\"2892556\" data-element_type=\"column\">\n\t\t\t<div class=\"elementor-widget-wrap elementor-element-populated\">\n\t\t\t\t\t\t\t\t<div class=\"elementor-element elementor-element-ae1e29a elementor-widget elementor-widget-image\" data-id=\"ae1e29a\" data-element_type=\"widget\" data-widget_type=\"image.default\">\n\t\t\t\t<div class=\"elementor-widget-container\">\n\t\t\t<style>\/*! elementor - v3.9.1 - 14-12-2022 *\/\n.elementor-widget-image{text-align:center}.elementor-widget-image a{display:inline-block}.elementor-widget-image a img[src$=\".svg\"]{width:48px}.elementor-widget-image img{vertical-align:middle;display:inline-block}<\/style>\t\t\t\t\t\t\t\t\t\t\t\t<img decoding=\"async\" src=\"https:\/\/restaurantsantlluis.com\/wp-content\/uploads\/elementor\/thumbs\/santlluis_28-pzew6uaw1wsxgo67exqzsslah296ic69wvo2dl27bc.jpg\" title=\"santlluis_28\" alt=\"santlluis_28\" \/>\t\t\t\t\t\t\t\t\t\t\t\t\t\t\t<\/div>\n\t\t\t\t<\/div>\n\t\t\t\t\t<\/div>\n\t\t<\/div>\n\t\t\t\t\t\t\t<\/div>\n\t\t<\/section>\n\t\t\t\t<section data-particle_enable=\"false\" data-particle-mobile-disabled=\"false\" class=\"elementor-section elementor-top-section elementor-element elementor-element-3e1996f elementor-section-content-middle elementor-section-boxed elementor-section-height-default elementor-section-height-default\" data-id=\"3e1996f\" data-element_type=\"section\">\n\t\t\t\t\t\t<div class=\"elementor-container elementor-column-gap-default\">\n\t\t\t\t\t<div class=\"elementor-column elementor-col-50 elementor-top-column elementor-element elementor-element-303abeb\" data-id=\"303abeb\" data-element_type=\"column\">\n\t\t\t<div class=\"elementor-widget-wrap elementor-element-populated\">\n\t\t\t\t\t\t\t\t<div class=\"elementor-element elementor-element-0cbdd9b elementor-widget elementor-widget-image\" data-id=\"0cbdd9b\" data-element_type=\"widget\" data-widget_type=\"image.default\">\n\t\t\t\t<div class=\"elementor-widget-container\">\n\t\t\t\t\t\t\t\t\t\t\t\t\t\t\t<img decoding=\"async\" src=\"https:\/\/restaurantsantlluis.com\/wp-content\/uploads\/elementor\/thumbs\/santlluis_46-pzew5m4h4p4gazydkwnj1lqmjyaxgkaw2t08tkvpfs.jpg\" title=\"santlluis_46\" alt=\"santlluis_46\" \/>\t\t\t\t\t\t\t\t\t\t\t\t\t\t\t<\/div>\n\t\t\t\t<\/div>\n\t\t\t\t\t<\/div>\n\t\t<\/div>\n\t\t\t\t<div class=\"elementor-column elementor-col-50 elementor-top-column elementor-element elementor-element-1e41da8\" data-id=\"1e41da8\" data-element_type=\"column\" data-settings=\"{&quot;background_background&quot;:&quot;classic&quot;}\">\n\t\t\t<div class=\"elementor-widget-wrap elementor-element-populated\">\n\t\t\t\t\t\t\t\t<div class=\"elementor-element elementor-element-b4da141 elementor-widget elementor-widget-text-editor\" data-id=\"b4da141\" data-element_type=\"widget\" data-widget_type=\"text-editor.default\">\n\t\t\t\t<div class=\"elementor-widget-container\">\n\t\t\t\t\t\t\t<div class=\"smalltitle margin-b16\">Des del 1995<\/div>\n<h2 class=\"home-title\">La nostra hist\u00f2ria<\/h2>\n<p>Sant Llu\u00eds \u00e9s un restaurant familiar que ha passat de generaci\u00f3 en generaci\u00f3 servint una cuina casolana.<\/p>\n<p><a class=\"view-more margin-t24\" href=\"https:\/\/restaurantsantlluis.com\/ca\/historia\/\">Veure m\u00e9s<\/a><\/p>\n\t\t\t\t\t\t<\/div>\n\t\t\t\t<\/div>\n\t\t\t\t\t<\/div>\n\t\t<\/div>\n\t\t\t\t\t\t\t<\/div>\n\t\t<\/section>\n\t\t\t\t<section data-particle_enable=\"false\" data-particle-mobile-disabled=\"false\" class=\"elementor-section elementor-top-section elementor-element elementor-element-7276dbd elementor-section-content-middle elementor-section-boxed elementor-section-height-default elementor-section-height-default\" data-id=\"7276dbd\" data-element_type=\"section\">\n\t\t\t\t\t\t<div class=\"elementor-container elementor-column-gap-default\">\n\t\t\t\t\t<div class=\"elementor-column elementor-col-50 elementor-top-column elementor-element elementor-element-9972334\" data-id=\"9972334\" data-element_type=\"column\" data-settings=\"{&quot;background_background&quot;:&quot;classic&quot;}\">\n\t\t\t<div class=\"elementor-widget-wrap elementor-element-populated\">\n\t\t\t\t\t\t\t\t<div class=\"elementor-element elementor-element-b38b309 elementor-widget elementor-widget-text-editor\" data-id=\"b38b309\" data-element_type=\"widget\" data-widget_type=\"text-editor.default\">\n\t\t\t\t<div class=\"elementor-widget-container\">\n\t\t\t\t\t\t\t<div class=\"smalltitle margin-b16\">Els nostres espais<\/div>\n<h2 class=\"home-title\">Descobreix els nostres 3 espais<\/h2>\n<p>Coneix les nostres sales i tots els racons on gaudir de la nostra cuina. Tamb\u00e9 tenim una magn\u00edfica terrassa!<\/p>\n<p><a class=\"view-more margin-t24\" href=\"https:\/\/restaurantsantlluis.com\/ca\/espais\/\">Veure m\u00e9s<\/a><\/p>\n\t\t\t\t\t\t<\/div>\n\t\t\t\t<\/div>\n\t\t\t\t\t<\/div>\n\t\t<\/div>\n\t\t\t\t<div class=\"elementor-column elementor-col-50 elementor-top-column elementor-element elementor-element-b7d3ab4\" data-id=\"b7d3ab4\" data-element_type=\"column\">\n\t\t\t<div class=\"elementor-widget-wrap elementor-element-populated\">\n\t\t\t\t\t\t\t\t<div class=\"elementor-element elementor-element-6ff3ed2 elementor-widget elementor-widget-image\" data-id=\"6ff3ed2\" data-element_type=\"widget\" data-widget_type=\"image.default\">\n\t\t\t\t<div class=\"elementor-widget-container\">\n\t\t\t\t\t\t\t\t\t\t\t\t\t\t\t<img decoding=\"async\" src=\"https:\/\/restaurantsantlluis.com\/wp-content\/uploads\/elementor\/thumbs\/santlluis_15-pzeu0tp4sy05tthuz7pquhbzhqsfmqgb6qd8esqjrc.jpg\" title=\"santlluis_15\" alt=\"santlluis_15\" \/>\t\t\t\t\t\t\t\t\t\t\t\t\t\t\t<\/div>\n\t\t\t\t<\/div>\n\t\t\t\t\t<\/div>\n\t\t<\/div>\n\t\t\t\t\t\t\t<\/div>\n\t\t<\/section>\n\t\t\t\t<section data-particle_enable=\"false\" data-particle-mobile-disabled=\"false\" class=\"elementor-section elementor-top-section elementor-element elementor-element-9e159bb elementor-section-content-middle elementor-section-boxed elementor-section-height-default elementor-section-height-default\" data-id=\"9e159bb\" data-element_type=\"section\" data-settings=\"{&quot;background_background&quot;:&quot;classic&quot;}\">\n\t\t\t\t\t\t<div class=\"elementor-container elementor-column-gap-default\">\n\t\t\t\t\t<div class=\"elementor-column elementor-col-50 elementor-top-column elementor-element elementor-element-da57315 order2\" data-id=\"da57315\" data-element_type=\"column\" data-settings=\"{&quot;background_background&quot;:&quot;classic&quot;}\">\n\t\t\t<div class=\"elementor-widget-wrap elementor-element-populated\">\n\t\t\t\t\t\t\t\t<div class=\"elementor-element elementor-element-500296b elementor-widget elementor-widget-text-editor\" data-id=\"500296b\" data-element_type=\"widget\" data-widget_type=\"text-editor.default\">\n\t\t\t\t<div class=\"elementor-widget-container\">\n\t\t\t\t\t\t\t<div class=\"smalltitle margin-b16\">Sense compra m\u00ednima<\/div>\n<h2 class=\"home-title\"><span style=\"color: #ffffff;\">Menjar per emportar<\/span><\/h2>\n<p><span style=\"color: #ffffff;\">Ara, perqu\u00e8 pugueu gaudir de la nostra cuina tamb\u00e9 a casa, oferim menjar per emportar amb recollida al restaurant.<\/span><\/p>\n<p><span style=\"color: #ffffff;\"><em>Truca&#8217;ns i reserva el que vulguis de la nostra carta (tamb\u00e9 arrossos), sense compra m\u00ednima.<\/em><\/span><\/p>\n<p><span style=\"font-size: 18pt; color: #ffffff;\"><strong>972 82 59 88<\/strong><\/span><\/p>\n\t\t\t\t\t\t<\/div>\n\t\t\t\t<\/div>\n\t\t\t\t\t<\/div>\n\t\t<\/div>\n\t\t\t\t<div class=\"elementor-column elementor-col-50 elementor-top-column elementor-element elementor-element-6b2850f order1\" data-id=\"6b2850f\" data-element_type=\"column\" data-settings=\"{&quot;background_background&quot;:&quot;classic&quot;}\">\n\t\t\t<div class=\"elementor-widget-wrap elementor-element-populated\">\n\t\t\t\t\t\t\t\t<section data-particle_enable=\"false\" data-particle-mobile-disabled=\"false\" class=\"elementor-section elementor-inner-section elementor-element elementor-element-86e0b24 elementor-section-boxed elementor-section-height-default elementor-section-height-default\" data-id=\"86e0b24\" data-element_type=\"section\">\n\t\t\t\t\t\t<div class=\"elementor-container elementor-column-gap-default\">\n\t\t\t\t\t<div class=\"elementor-column elementor-col-50 elementor-inner-column elementor-element elementor-element-9aa41ca\" data-id=\"9aa41ca\" data-element_type=\"column\">\n\t\t\t<div class=\"elementor-widget-wrap elementor-element-populated\">\n\t\t\t\t\t\t\t\t<div class=\"elementor-element elementor-element-380e6cb elementor-widget elementor-widget-image\" data-id=\"380e6cb\" data-element_type=\"widget\" data-widget_type=\"image.default\">\n\t\t\t\t<div class=\"elementor-widget-container\">\n\t\t\t\t\t\t\t\t\t\t\t\t\t\t\t<img decoding=\"async\" width=\"1520\" height=\"1900\" src=\"https:\/\/restaurantsantlluis.com\/wp-content\/uploads\/santlluis_48.jpg\" class=\"attachment-full size-full wp-image-3028\" alt=\"\" loading=\"lazy\" srcset=\"https:\/\/restaurantsantlluis.com\/wp-content\/uploads\/santlluis_48.jpg 1520w, https:\/\/restaurantsantlluis.com\/wp-content\/uploads\/santlluis_48-240x300.jpg 240w, https:\/\/restaurantsantlluis.com\/wp-content\/uploads\/santlluis_48-819x1024.jpg 819w, https:\/\/restaurantsantlluis.com\/wp-content\/uploads\/santlluis_48-768x960.jpg 768w, https:\/\/restaurantsantlluis.com\/wp-content\/uploads\/santlluis_48-1229x1536.jpg 1229w\" sizes=\"(max-width: 1520px) 100vw, 1520px\" \/>\t\t\t\t\t\t\t\t\t\t\t\t\t\t\t<\/div>\n\t\t\t\t<\/div>\n\t\t\t\t\t<\/div>\n\t\t<\/div>\n\t\t\t\t<div class=\"elementor-column elementor-col-50 elementor-inner-column elementor-element elementor-element-b4fa0f2\" data-id=\"b4fa0f2\" data-element_type=\"column\">\n\t\t\t<div class=\"elementor-widget-wrap elementor-element-populated\">\n\t\t\t\t\t\t\t\t<div class=\"elementor-element elementor-element-9cd12ce elementor-widget elementor-widget-image\" data-id=\"9cd12ce\" data-element_type=\"widget\" data-widget_type=\"image.default\">\n\t\t\t\t<div class=\"elementor-widget-container\">\n\t\t\t\t\t\t\t\t\t\t\t\t\t\t\t<img decoding=\"async\" width=\"1520\" height=\"1900\" src=\"https:\/\/restaurantsantlluis.com\/wp-content\/uploads\/santlluis_69.jpg\" class=\"attachment-full size-full wp-image-3049\" alt=\"\" loading=\"lazy\" srcset=\"https:\/\/restaurantsantlluis.com\/wp-content\/uploads\/santlluis_69.jpg 1520w, https:\/\/restaurantsantlluis.com\/wp-content\/uploads\/santlluis_69-240x300.jpg 240w, https:\/\/restaurantsantlluis.com\/wp-content\/uploads\/santlluis_69-819x1024.jpg 819w, https:\/\/restaurantsantlluis.com\/wp-content\/uploads\/santlluis_69-768x960.jpg 768w, https:\/\/restaurantsantlluis.com\/wp-content\/uploads\/santlluis_69-1229x1536.jpg 1229w\" sizes=\"(max-width: 1520px) 100vw, 1520px\" \/>\t\t\t\t\t\t\t\t\t\t\t\t\t\t\t<\/div>\n\t\t\t\t<\/div>\n\t\t\t\t\t<\/div>\n\t\t<\/div>\n\t\t\t\t\t\t\t<\/div>\n\t\t<\/section>\n\t\t\t\t\t<\/div>\n\t\t<\/div>\n\t\t\t\t\t\t\t<\/div>\n\t\t<\/section>\n\t\t\t\t<section data-particle_enable=\"false\" data-particle-mobile-disabled=\"false\" class=\"elementor-section elementor-top-section elementor-element elementor-element-4bbef73 elementor-section-stretched elementor-section-content-middle elementor-section-boxed elementor-section-height-default elementor-section-height-default\" data-id=\"4bbef73\" data-element_type=\"section\" data-settings=\"{&quot;stretch_section&quot;:&quot;section-stretched&quot;}\">\n\t\t\t\t\t\t<div class=\"elementor-container elementor-column-gap-no\">\n\t\t\t\t\t<div class=\"elementor-column elementor-col-50 elementor-top-column elementor-element elementor-element-0060e14\" data-id=\"0060e14\" data-element_type=\"column\" data-settings=\"{&quot;background_background&quot;:&quot;classic&quot;}\">\n\t\t\t<div class=\"elementor-widget-wrap elementor-element-populated\">\n\t\t\t\t\t\t\t\t<div class=\"elementor-element elementor-element-fe7b03f elementor-widget elementor-widget-menu-anchor\" data-id=\"fe7b03f\" data-element_type=\"widget\" data-widget_type=\"menu-anchor.default\">\n\t\t\t\t<div class=\"elementor-widget-container\">\n\t\t\t<style>\/*! elementor - v3.9.1 - 14-12-2022 *\/\nbody.elementor-page .elementor-widget-menu-anchor{margin-bottom:0}<\/style>\t\t<div id=\"reserves\" class=\"elementor-menu-anchor\"><\/div>\n\t\t\t\t<\/div>\n\t\t\t\t<\/div>\n\t\t\t\t<div class=\"elementor-element elementor-element-5b76c5c elementor-widget elementor-widget-text-editor\" data-id=\"5b76c5c\" data-element_type=\"widget\" data-widget_type=\"text-editor.default\">\n\t\t\t\t<div class=\"elementor-widget-container\">\n\t\t\t\t\t\t\t<div class=\"smalltitle margin-b16\">Reserves<\/div>\n<p><span style=\"color: #000000;\"><strong><span style=\"font-size: 18pt;\">972 82 59 88<\/span><\/strong><\/span><\/p>\n<p><span style=\"color: #000000;\">Recomanable reservar els caps de setmana<\/span><\/p>\n<div class=\"smalltitle margin-b16\">Horaris<\/div>\n<p><span style=\"color: #000000;\">Dilluns (De 12:45 a 16:00 i de 19:00 a 24:00)<\/span><br \/><span style=\"color: #000000;\">Dimarts (tancat)<\/span><br \/><span style=\"color: #000000;\">Dimecres (De 12:45 a 16:00 i de 19:00 a 24:00)<\/span><br \/><span style=\"color: #000000;\">Dijous (De 12:45 a 16:00 i de 19:00 a 24:00)<\/span><br \/><span style=\"color: #000000;\">Divendres (De 12:45 a 16:00 i de 19:00 a 24:00)<\/span><br \/><span style=\"color: #000000;\">Dissabte (Cuina ininterrompuda)<\/span><br \/><span style=\"color: #000000;\">Diumenge (Cuina ininterrompuda)<\/span><\/p>\n<p><span style=\"color: #000000;\">Novembre (tancat per vacances)<\/span><\/p>\n\t\t\t\t\t\t<\/div>\n\t\t\t\t<\/div>\n\t\t\t\t\t<\/div>\n\t\t<\/div>\n\t\t\t\t<div class=\"elementor-column elementor-col-50 elementor-top-column elementor-element elementor-element-102b2c2\" data-id=\"102b2c2\" data-element_type=\"column\" data-settings=\"{&quot;background_background&quot;:&quot;classic&quot;}\">\n\t\t\t<div class=\"elementor-widget-wrap elementor-element-populated\">\n\t\t\t\t\t\t\t\t<div class=\"elementor-element elementor-element-0bf4868 elementor-widget elementor-widget-google_maps\" data-id=\"0bf4868\" data-element_type=\"widget\" data-widget_type=\"google_maps.default\">\n\t\t\t\t<div class=\"elementor-widget-container\">\n\t\t\t<style>\/*! elementor - v3.9.1 - 14-12-2022 *\/\n.elementor-widget-google_maps .elementor-widget-container{overflow:hidden}.elementor-widget-google_maps iframe{height:300px}<\/style>\t\t<div class=\"elementor-custom-embed\">\n\t\t\t<iframe frameborder=\"0\" scrolling=\"no\" marginheight=\"0\" marginwidth=\"0\"\n\t\t\t\t\tsrc=\"https:\/\/maps.google.com\/maps?q=restaurants%20sant%20lluis%20platja%20d%27aro&#038;t=m&#038;z=16&#038;output=embed&#038;iwloc=near\"\n\t\t\t\t\ttitle=\"restaurants sant lluis platja d&#039;aro\"\n\t\t\t\t\taria-label=\"restaurants sant lluis platja d&#039;aro\"\n\t\t\t><\/iframe>\n\t\t<\/div>\n\t\t\t\t<\/div>\n\t\t\t\t<\/div>\n\t\t\t\t\t<\/div>\n\t\t<\/div>\n\t\t\t\t\t\t\t<\/div>\n\t\t<\/section>\n\t\t\t\t\t\t\t<\/div>\n\t\t","protected":false},"excerpt":{"rendered":"<p>Al restaurant Sant Lluis fa gaireb\u00e9 30 anys que formem part de l&#8217;oferta gastron\u00f2mica de Platja d&#8217;Aro. Descobriu una cuina mediterr\u00e0nia tradicional i innovadora, basada en productes de temporada i de proximitat, que ha mantingut viva l&#8217;ess\u00e8ncia d&#8217;un restaurant familiar. La nostra Cuina Tradici\u00f3 i modernitat Sant Llu\u00eds \u00e9s un espai per gaudir dels plats m\u00e9s tradicionals amb un toc&#8230;<\/p>\n","protected":false},"author":1,"featured_media":0,"parent":0,"menu_order":0,"comment_status":"closed","ping_status":"closed","template":"my-templates\/template-home.php","meta":[],"acf":[],"yoast_head":"<!-- This site is optimized with the Yoast SEO Premium plugin v20.5 (Yoast SEO v20.5) - https:\/\/yoast.com\/wordpress\/plugins\/seo\/ -->\n<title>Restaurant Sant Lluis Platja d&#039;Aro<\/title>\n<meta name=\"robots\" content=\"index, follow, max-snippet:-1, max-image-preview:large, max-video-preview:-1\" \/>\n<link rel=\"canonical\" href=\"https:\/\/restaurantsantlluis.com\/ca\/\" \/>\n<meta property=\"og:locale\" content=\"ca_ES\" \/>\n<meta property=\"og:type\" content=\"article\" \/>\n<meta property=\"og:title\" content=\"Home\" \/>\n<meta property=\"og:description\" content=\"Al restaurant Sant Lluis fa gaireb\u00e9 30 anys que formem part de l&#8217;oferta gastron\u00f2mica de Platja d&#8217;Aro. Descobriu una cuina mediterr\u00e0nia tradicional i innovadora, basada en productes de temporada i de proximitat, que ha mantingut viva l&#8217;ess\u00e8ncia d&#8217;un restaurant familiar. La nostra Cuina Tradici\u00f3 i modernitat Sant Llu\u00eds \u00e9s un espai per gaudir dels plats m\u00e9s tradicionals amb un toc...\" \/>\n<meta property=\"og:url\" content=\"https:\/\/restaurantsantlluis.com\/ca\/\" \/>\n<meta property=\"article:publisher\" content=\"https:\/\/www.facebook.com\/profile.php?id=100063885166782\" \/>\n<meta property=\"article:modified_time\" content=\"2023-04-24T17:59:56+00:00\" \/>\n<meta property=\"og:image\" content=\"https:\/\/restaurantsantlluis.com\/wp-content\/uploads\/elementor\/thumbs\/santlluis_28-pzew6uaw1wsxgo67exqzsslah296ic69wvo2dl27bc.jpg\" \/>\n<meta name=\"twitter:card\" content=\"summary_large_image\" \/>\n<meta name=\"twitter:label1\" content=\"Temps estimat de lectura\" \/>\n\t<meta name=\"twitter:data1\" content=\"1 minut\" \/>\n<script type=\"application\/ld+json\" class=\"yoast-schema-graph\">{\"@context\":\"https:\/\/schema.org\",\"@graph\":[{\"@type\":\"WebPage\",\"@id\":\"https:\/\/restaurantsantlluis.com\/ca\/\",\"url\":\"https:\/\/restaurantsantlluis.com\/ca\/\",\"name\":\"Restaurant Sant Lluis Platja d'Aro\",\"isPartOf\":{\"@id\":\"https:\/\/restaurantsantlluis.com\/#website\"},\"datePublished\":\"2018-05-16T13:04:01+00:00\",\"dateModified\":\"2023-04-24T17:59:56+00:00\",\"breadcrumb\":{\"@id\":\"https:\/\/restaurantsantlluis.com\/ca\/#breadcrumb\"},\"inLanguage\":\"ca\",\"potentialAction\":[{\"@type\":\"ReadAction\",\"target\":[\"https:\/\/restaurantsantlluis.com\/ca\/\"]}]},{\"@type\":\"BreadcrumbList\",\"@id\":\"https:\/\/restaurantsantlluis.com\/ca\/#breadcrumb\",\"itemListElement\":[{\"@type\":\"ListItem\",\"position\":1,\"name\":\"Home\",\"item\":\"https:\/\/restaurantsantlluis.com\/ca\/\"},{\"@type\":\"ListItem\",\"position\":2,\"name\":\"Home\"}]},{\"@type\":\"WebSite\",\"@id\":\"https:\/\/restaurantsantlluis.com\/#website\",\"url\":\"https:\/\/restaurantsantlluis.com\/\",\"name\":\"Restaurant Sant Lluis\",\"description\":\"\",\"potentialAction\":[{\"@type\":\"SearchAction\",\"target\":{\"@type\":\"EntryPoint\",\"urlTemplate\":\"https:\/\/restaurantsantlluis.com\/?s={search_term_string}\"},\"query-input\":\"required name=search_term_string\"}],\"inLanguage\":\"ca\"}]}<\/script>\n<!-- \/ Yoast SEO Premium plugin. -->","yoast_head_json":{"title":"Restaurant Sant Lluis Platja d'Aro","robots":{"index":"index","follow":"follow","max-snippet":"max-snippet:-1","max-image-preview":"max-image-preview:large","max-video-preview":"max-video-preview:-1"},"canonical":"https:\/\/restaurantsantlluis.com\/ca\/","og_locale":"ca_ES","og_type":"article","og_title":"Home","og_description":"Al restaurant Sant Lluis fa gaireb\u00e9 30 anys que formem part de l&#8217;oferta gastron\u00f2mica de Platja d&#8217;Aro. Descobriu una cuina mediterr\u00e0nia tradicional i innovadora, basada en productes de temporada i de proximitat, que ha mantingut viva l&#8217;ess\u00e8ncia d&#8217;un restaurant familiar. La nostra Cuina Tradici\u00f3 i modernitat Sant Llu\u00eds \u00e9s un espai per gaudir dels plats m\u00e9s tradicionals amb un toc...","og_url":"https:\/\/restaurantsantlluis.com\/ca\/","article_publisher":"https:\/\/www.facebook.com\/profile.php?id=100063885166782","article_modified_time":"2023-04-24T17:59:56+00:00","og_image":[{"url":"https:\/\/restaurantsantlluis.com\/wp-content\/uploads\/elementor\/thumbs\/santlluis_28-pzew6uaw1wsxgo67exqzsslah296ic69wvo2dl27bc.jpg"}],"twitter_card":"summary_large_image","twitter_misc":{"Temps estimat de lectura":"1 minut"},"schema":{"@context":"https:\/\/schema.org","@graph":[{"@type":"WebPage","@id":"https:\/\/restaurantsantlluis.com\/ca\/","url":"https:\/\/restaurantsantlluis.com\/ca\/","name":"Restaurant Sant Lluis Platja d'Aro","isPartOf":{"@id":"https:\/\/restaurantsantlluis.com\/#website"},"datePublished":"2018-05-16T13:04:01+00:00","dateModified":"2023-04-24T17:59:56+00:00","breadcrumb":{"@id":"https:\/\/restaurantsantlluis.com\/ca\/#breadcrumb"},"inLanguage":"ca","potentialAction":[{"@type":"ReadAction","target":["https:\/\/restaurantsantlluis.com\/ca\/"]}]},{"@type":"BreadcrumbList","@id":"https:\/\/restaurantsantlluis.com\/ca\/#breadcrumb","itemListElement":[{"@type":"ListItem","position":1,"name":"Home","item":"https:\/\/restaurantsantlluis.com\/ca\/"},{"@type":"ListItem","position":2,"name":"Home"}]},{"@type":"WebSite","@id":"https:\/\/restaurantsantlluis.com\/#website","url":"https:\/\/restaurantsantlluis.com\/","name":"Restaurant Sant Lluis","description":"","potentialAction":[{"@type":"SearchAction","target":{"@type":"EntryPoint","urlTemplate":"https:\/\/restaurantsantlluis.com\/?s={search_term_string}"},"query-input":"required name=search_term_string"}],"inLanguage":"ca"}]}},"_links":{"self":[{"href":"https:\/\/restaurantsantlluis.com\/ca\/wp-json\/wp\/v2\/pages\/3897"}],"collection":[{"href":"https:\/\/restaurantsantlluis.com\/ca\/wp-json\/wp\/v2\/pages"}],"about":[{"href":"https:\/\/restaurantsantlluis.com\/ca\/wp-json\/wp\/v2\/types\/page"}],"author":[{"embeddable":true,"href":"https:\/\/restaurantsantlluis.com\/ca\/wp-json\/wp\/v2\/users\/1"}],"replies":[{"embeddable":true,"href":"https:\/\/restaurantsantlluis.com\/ca\/wp-json\/wp\/v2\/comments?post=3897"}],"version-history":[{"count":2,"href":"https:\/\/restaurantsantlluis.com\/ca\/wp-json\/wp\/v2\/pages\/3897\/revisions"}],"predecessor-version":[{"id":3986,"href":"https:\/\/restaurantsantlluis.com\/ca\/wp-json\/wp\/v2\/pages\/3897\/revisions\/3986"}],"wp:attachment":[{"href":"https:\/\/restaurantsantlluis.com\/ca\/wp-json\/wp\/v2\/media?parent=3897"}],"curies":[{"name":"wp","href":"https:\/\/api.w.org\/{rel}","templated":true}]}}