{"id":3891,"date":"2022-12-22T22:49:05","date_gmt":"2022-12-22T22:49:05","guid":{"rendered":"https:\/\/restaurantsantlluis.com\/historia-es\/"},"modified":"2023-04-23T22:47:37","modified_gmt":"2023-04-23T22:47:37","slug":"historia","status":"publish","type":"page","link":"https:\/\/restaurantsantlluis.com\/ca\/historia\/","title":{"rendered":"Hist\u00f2ria CA"},"content":{"rendered":"\t\t<div data-elementor-type=\"wp-page\" data-elementor-id=\"3891\" class=\"elementor elementor-3891 elementor-3233\">\n\t\t\t\t\t\t\t\t\t<section data-particle_enable=\"false\" data-particle-mobile-disabled=\"false\" class=\"elementor-section elementor-top-section elementor-element elementor-element-57d2dc8 elementor-section-content-middle elementor-section-boxed elementor-section-height-default elementor-section-height-default\" data-id=\"57d2dc8\" data-element_type=\"section\" data-settings=\"{&quot;background_background&quot;:&quot;classic&quot;}\">\n\t\t\t\t\t\t<div class=\"elementor-container elementor-column-gap-default\">\n\t\t\t\t\t<div class=\"elementor-column elementor-col-100 elementor-top-column elementor-element elementor-element-e5663e0\" data-id=\"e5663e0\" data-element_type=\"column\">\n\t\t\t<div class=\"elementor-widget-wrap elementor-element-populated\">\n\t\t\t\t\t\t\t\t<div class=\"elementor-element elementor-element-5038bb6 elementor-widget elementor-widget-text-editor\" data-id=\"5038bb6\" data-element_type=\"widget\" data-widget_type=\"text-editor.default\">\n\t\t\t\t<div class=\"elementor-widget-container\">\n\t\t\t<style>\/*! elementor - v3.9.1 - 14-12-2022 *\/\n.elementor-widget-text-editor.elementor-drop-cap-view-stacked .elementor-drop-cap{background-color:#818a91;color:#fff}.elementor-widget-text-editor.elementor-drop-cap-view-framed .elementor-drop-cap{color:#818a91;border:3px solid;background-color:transparent}.elementor-widget-text-editor:not(.elementor-drop-cap-view-default) .elementor-drop-cap{margin-top:8px}.elementor-widget-text-editor:not(.elementor-drop-cap-view-default) .elementor-drop-cap-letter{width:1em;height:1em}.elementor-widget-text-editor .elementor-drop-cap{float:left;text-align:center;line-height:1;font-size:50px}.elementor-widget-text-editor .elementor-drop-cap-letter{display:inline-block}<\/style>\t\t\t\t<p><span style=\"color: #000000;\"><em><span style=\"font-size: 24pt;\">M\u00e9s de 20 anys amb els fogons encesos<br \/><\/span><\/em><\/span><\/p>\n<p>El 1990, el matrimoni Llevant va decidir obrir el restaurant Sant Llu\u00eds com un negoci familiar a Platja d&#8217;Aro. Aquesta iniciativa es va convertir a poc a poc en all\u00f2 que som actualment.<\/p>\n<p>Avui, la segona generaci\u00f3 seguim amb aquesta tradici\u00f3 oferint cuina tradicional amb tocs m\u00e9s innovadors, sempre buscant nous ingredients i sabors per afegir a la nostra carta.<\/p><\/p>\n\t\t\t\t\t\t<\/div>\n\t\t\t\t<\/div>\n\t\t\t\t\t<\/div>\n\t\t<\/div>\n\t\t\t\t\t\t\t<\/div>\n\t\t<\/section>\n\t\t\t\t\t\t\t<\/div>\n\t\t","protected":false},"excerpt":{"rendered":"<p>M\u00e9s de 20 anys amb els fogons encesos El 1990, el matrimoni Llevant va decidir obrir el restaurant Sant Llu\u00eds com un negoci familiar a Platja d&#8217;Aro. Aquesta iniciativa es va convertir a poc a poc en all\u00f2 que som actualment. Avui, la segona generaci\u00f3 seguim amb aquesta tradici\u00f3 oferint cuina tradicional amb tocs m\u00e9s innovadors, sempre buscant nous ingredients&#8230;<\/p>\n","protected":false},"author":1,"featured_media":3765,"parent":0,"menu_order":0,"comment_status":"closed","ping_status":"closed","template":"my-templates\/template-fullwidth.php","meta":[],"acf":[],"yoast_head":"<!-- This site is optimized with the Yoast SEO Premium plugin v20.5 (Yoast SEO v20.5) - https:\/\/yoast.com\/wordpress\/plugins\/seo\/ -->\n<title>Hist\u00f2ria - Restaurant Sant Lluis Platja d&#039;Aro<\/title>\n<meta name=\"robots\" content=\"index, follow, max-snippet:-1, max-image-preview:large, max-video-preview:-1\" \/>\n<link rel=\"canonical\" href=\"https:\/\/restaurantsantlluis.com\/ca\/historia\/\" \/>\n<meta property=\"og:locale\" content=\"ca_ES\" \/>\n<meta property=\"og:type\" content=\"article\" \/>\n<meta property=\"og:title\" content=\"Hist\u00f2ria CA\" \/>\n<meta property=\"og:description\" content=\"M\u00e9s de 20 anys amb els fogons encesos El 1990, el matrimoni Llevant va decidir obrir el restaurant Sant Llu\u00eds com un negoci familiar a Platja d&#8217;Aro. Aquesta iniciativa es va convertir a poc a poc en all\u00f2 que som actualment. Avui, la segona generaci\u00f3 seguim amb aquesta tradici\u00f3 oferint cuina tradicional amb tocs m\u00e9s innovadors, sempre buscant nous ingredients...\" \/>\n<meta property=\"og:url\" content=\"https:\/\/restaurantsantlluis.com\/ca\/historia\/\" \/>\n<meta property=\"article:publisher\" content=\"https:\/\/www.facebook.com\/profile.php?id=100063885166782\" \/>\n<meta property=\"article:modified_time\" content=\"2023-04-23T22:47:37+00:00\" \/>\n<meta property=\"og:image\" content=\"https:\/\/restaurantsantlluis.com\/wp-content\/uploads\/santlluis_46.jpg\" \/>\n\t<meta property=\"og:image:width\" content=\"1520\" \/>\n\t<meta property=\"og:image:height\" content=\"1900\" \/>\n\t<meta property=\"og:image:type\" content=\"image\/jpeg\" \/>\n<meta name=\"twitter:card\" content=\"summary_large_image\" \/>\n<script type=\"application\/ld+json\" class=\"yoast-schema-graph\">{\"@context\":\"https:\/\/schema.org\",\"@graph\":[{\"@type\":\"WebPage\",\"@id\":\"https:\/\/restaurantsantlluis.com\/ca\/historia\/\",\"url\":\"https:\/\/restaurantsantlluis.com\/ca\/historia\/\",\"name\":\"Hist\u00f2ria - Restaurant Sant Lluis Platja d'Aro\",\"isPartOf\":{\"@id\":\"https:\/\/restaurantsantlluis.com\/#website\"},\"datePublished\":\"2022-12-22T22:49:05+00:00\",\"dateModified\":\"2023-04-23T22:47:37+00:00\",\"breadcrumb\":{\"@id\":\"https:\/\/restaurantsantlluis.com\/ca\/historia\/#breadcrumb\"},\"inLanguage\":\"ca\",\"potentialAction\":[{\"@type\":\"ReadAction\",\"target\":[\"https:\/\/restaurantsantlluis.com\/ca\/historia\/\"]}]},{\"@type\":\"BreadcrumbList\",\"@id\":\"https:\/\/restaurantsantlluis.com\/ca\/historia\/#breadcrumb\",\"itemListElement\":[{\"@type\":\"ListItem\",\"position\":1,\"name\":\"Home\",\"item\":\"https:\/\/restaurantsantlluis.com\/ca\/\"},{\"@type\":\"ListItem\",\"position\":2,\"name\":\"Hist\u00f2ria CA\"}]},{\"@type\":\"WebSite\",\"@id\":\"https:\/\/restaurantsantlluis.com\/#website\",\"url\":\"https:\/\/restaurantsantlluis.com\/\",\"name\":\"Restaurant Sant Lluis\",\"description\":\"\",\"potentialAction\":[{\"@type\":\"SearchAction\",\"target\":{\"@type\":\"EntryPoint\",\"urlTemplate\":\"https:\/\/restaurantsantlluis.com\/?s={search_term_string}\"},\"query-input\":\"required name=search_term_string\"}],\"inLanguage\":\"ca\"}]}<\/script>\n<!-- \/ Yoast SEO Premium plugin. -->","yoast_head_json":{"title":"Hist\u00f2ria - Restaurant Sant Lluis Platja d'Aro","robots":{"index":"index","follow":"follow","max-snippet":"max-snippet:-1","max-image-preview":"max-image-preview:large","max-video-preview":"max-video-preview:-1"},"canonical":"https:\/\/restaurantsantlluis.com\/ca\/historia\/","og_locale":"ca_ES","og_type":"article","og_title":"Hist\u00f2ria CA","og_description":"M\u00e9s de 20 anys amb els fogons encesos El 1990, el matrimoni Llevant va decidir obrir el restaurant Sant Llu\u00eds com un negoci familiar a Platja d&#8217;Aro. Aquesta iniciativa es va convertir a poc a poc en all\u00f2 que som actualment. Avui, la segona generaci\u00f3 seguim amb aquesta tradici\u00f3 oferint cuina tradicional amb tocs m\u00e9s innovadors, sempre buscant nous ingredients...","og_url":"https:\/\/restaurantsantlluis.com\/ca\/historia\/","article_publisher":"https:\/\/www.facebook.com\/profile.php?id=100063885166782","article_modified_time":"2023-04-23T22:47:37+00:00","og_image":[{"width":1520,"height":1900,"url":"https:\/\/restaurantsantlluis.com\/wp-content\/uploads\/santlluis_46.jpg","type":"image\/jpeg"}],"twitter_card":"summary_large_image","schema":{"@context":"https:\/\/schema.org","@graph":[{"@type":"WebPage","@id":"https:\/\/restaurantsantlluis.com\/ca\/historia\/","url":"https:\/\/restaurantsantlluis.com\/ca\/historia\/","name":"Hist\u00f2ria - Restaurant Sant Lluis Platja d'Aro","isPartOf":{"@id":"https:\/\/restaurantsantlluis.com\/#website"},"datePublished":"2022-12-22T22:49:05+00:00","dateModified":"2023-04-23T22:47:37+00:00","breadcrumb":{"@id":"https:\/\/restaurantsantlluis.com\/ca\/historia\/#breadcrumb"},"inLanguage":"ca","potentialAction":[{"@type":"ReadAction","target":["https:\/\/restaurantsantlluis.com\/ca\/historia\/"]}]},{"@type":"BreadcrumbList","@id":"https:\/\/restaurantsantlluis.com\/ca\/historia\/#breadcrumb","itemListElement":[{"@type":"ListItem","position":1,"name":"Home","item":"https:\/\/restaurantsantlluis.com\/ca\/"},{"@type":"ListItem","position":2,"name":"Hist\u00f2ria CA"}]},{"@type":"WebSite","@id":"https:\/\/restaurantsantlluis.com\/#website","url":"https:\/\/restaurantsantlluis.com\/","name":"Restaurant Sant Lluis","description":"","potentialAction":[{"@type":"SearchAction","target":{"@type":"EntryPoint","urlTemplate":"https:\/\/restaurantsantlluis.com\/?s={search_term_string}"},"query-input":"required name=search_term_string"}],"inLanguage":"ca"}]}},"_links":{"self":[{"href":"https:\/\/restaurantsantlluis.com\/ca\/wp-json\/wp\/v2\/pages\/3891"}],"collection":[{"href":"https:\/\/restaurantsantlluis.com\/ca\/wp-json\/wp\/v2\/pages"}],"about":[{"href":"https:\/\/restaurantsantlluis.com\/ca\/wp-json\/wp\/v2\/types\/page"}],"author":[{"embeddable":true,"href":"https:\/\/restaurantsantlluis.com\/ca\/wp-json\/wp\/v2\/users\/1"}],"replies":[{"embeddable":true,"href":"https:\/\/restaurantsantlluis.com\/ca\/wp-json\/wp\/v2\/comments?post=3891"}],"version-history":[{"count":0,"href":"https:\/\/restaurantsantlluis.com\/ca\/wp-json\/wp\/v2\/pages\/3891\/revisions"}],"wp:featuredmedia":[{"embeddable":true,"href":"https:\/\/restaurantsantlluis.com\/ca\/wp-json\/wp\/v2\/media\/3765"}],"wp:attachment":[{"href":"https:\/\/restaurantsantlluis.com\/ca\/wp-json\/wp\/v2\/media?parent=3891"}],"curies":[{"name":"wp","href":"https:\/\/api.w.org\/{rel}","templated":true}]}}